{"id":68,"date":"2022-05-02T03:12:51","date_gmt":"2022-05-02T03:12:51","guid":{"rendered":"http:\/\/10.16.30.28\/www.redlidep.uda.cl\/?page_id=68"},"modified":"2022-05-31T17:19:06","modified_gmt":"2022-05-31T17:19:06","slug":"acuerdodeconstitucion","status":"publish","type":"page","link":"https:\/\/www.redlidep.uda.cl\/index.php\/acuerdodeconstitucion\/","title":{"rendered":"acuerdodeconstitucion"},"content":{"rendered":"<p><div class=\"et_d4_element et_pb_section et_pb_section_0 et_pb_with_background  et_pb_css_mix_blend_mode et_section_regular et_block_section\" >\n\t\t\t\t\n\t\t\t\t\n\t\t\t\t\n\t\t\t\t\n\t\t\t\t\n\t\t\t\t\n\t\t\t\t<div class=\"et_d4_element et_pb_row et_pb_row_0  et_pb_css_mix_blend_mode et_block_row\">\n\t\t\t\t<div class=\"et_d4_element et_pb_column_4_4 et_pb_column et_pb_column_0  et_pb_css_mix_blend_mode et-last-child et_block_column\">\n\t\t\t\t\n\t\t\t\t\n\t\t\t\t\n\t\t\t\t\n\t\t\t\t<div class=\"et_pb_with_border et_pb_module et_d4_element et_pb_text et_pb_text_0  et_pb_text_align_left et_pb_bg_layout_light\">\n\t\t\t\t\n\t\t\t\t\n\t\t\t\t\n\t\t\t\t\n\t\t\t\t<div class=\"et_pb_text_inner\"><h1 style=\"text-align: center;\">Acuerdo de Constituci\u00f3n de la Red<\/h1><\/div>\n\t\t\t<\/div>\n\t\t\t<\/div>\n\t\t\t\t\n\t\t\t\t\n\t\t\t\t\n\t\t\t\t\n\t\t\t<\/div>\n\t\t\t\t\n\t\t\t\t\n\t\t\t<\/div><div class=\"et_d4_element et_pb_section et_pb_section_1 et_pb_with_background  et_pb_css_mix_blend_mode et_section_regular et_block_section\" >\n\t\t\t\t\n\t\t\t\t\n\t\t\t\t\n\t\t\t\t\n\t\t\t\t\n\t\t\t\t\n\t\t\t\t<div class=\"et_d4_element et_pb_row et_pb_row_1  et_pb_css_mix_blend_mode et_block_row\">\n\t\t\t\t<div class=\"et_d4_element et_pb_column_4_4 et_pb_column et_pb_column_1  et_pb_css_mix_blend_mode et-last-child et_block_column\">\n\t\t\t\t\n\t\t\t\t\n\t\t\t\t\n\t\t\t\t\n\t\t\t\t<div class=\"et_pb_module et_d4_element et_pb_text et_pb_text_1  et_pb_text_align_left et_pb_bg_layout_light\">\n\t\t\t\t\n\t\t\t\t\n\t\t\t\t\n\t\t\t\t\n\t\t\t\t<div class=\"et_pb_text_inner\"><p style=\"text-align: justify;\">Los integrantes de la Red Latinoamericana de Investigaci\u00f3n sobre Desarrollo de Pensamiento (REDLIDEP); por medio del presente Acuerdo Acad\u00e9mico, proponen fomentar el intercambio y la cooperaci\u00f3n acad\u00e9mica, de proyecci\u00f3n e investigaci\u00f3n,<br \/>especialmente en el marco de propuestas sobre desarrollo de pensamiento. En respuesta a ello, se definen los siguientes acuerdos:<\/p><\/div>\n\t\t\t<\/div>\n\t\t\t<\/div>\n\t\t\t\t\n\t\t\t\t\n\t\t\t\t\n\t\t\t\t\n\t\t\t<\/div><div class=\"et_d4_element et_pb_row et_pb_row_2  et_pb_css_mix_blend_mode et_block_row\">\n\t\t\t\t<div class=\"et_d4_element et_pb_column_4_4 et_pb_column et_pb_column_2  et_pb_css_mix_blend_mode et-last-child et_block_column\">\n\t\t\t\t\n\t\t\t\t\n\t\t\t\t\n\t\t\t\t\n\t\t\t\t<div class=\"et_pb_module et_d4_element et_pb_text et_pb_text_2  et_pb_text_align_left et_pb_bg_layout_light\">\n\t\t\t\t\n\t\t\t\t\n\t\t\t\t\n\t\t\t\t\n\t\t\t\t<div class=\"et_pb_text_inner\"><p>. Objeto: Articulaci\u00f3n de esfuerzos en cooperaci\u00f3n y colaboraci\u00f3n para la<br \/>generaci\u00f3n, intercambio, difusi\u00f3n y divulgaci\u00f3n de investigaci\u00f3n b\u00e1sica y aplicada sobre desarrollo del pensamiento.<\/p>\n<p>2. Los integrantes de la Red Latinoamericana de Investigaci\u00f3n sobre Desarrollo de Pensamiento promover\u00e1n entre otras actividades, las mencionadas a continuaci\u00f3n:<br \/>\u27a2 Intercambio de profesores e investigadores.<br \/>\u27a2 Intercambio y pasant\u00edas de estudiantes de pregrado y postgrado.<br \/>\u27a2 Fortalecimiento de la red nacional e internacionalmente.<br \/>\u27a2 Formulaci\u00f3n de proyectos y actividades de investigaci\u00f3n y de publicaci\u00f3n conjunta,<br \/>de acuerdo a los objetivos de la Red.<br \/>\u27a2 Participaci\u00f3n en eventos y reuniones acad\u00e9micas.<br \/>\u27a2 Intercambio de material acad\u00e9mico.<\/p>\n<p>3. Estas actividades se llevar\u00e1n a cabo en el marco de la cooperaci\u00f3n en docencia, investigaci\u00f3n e interacci\u00f3n social, que orientar\u00e1n el trabajo realizado con las personas vinculadas a la Red Latinoamericana de Investigaci\u00f3n sobre Desarrollo de Pensamiento (REDLIDEP).<\/p>\n<p>4. Todos los encuentros realizados en la Red Latinoamericana de Investigaci\u00f3n sobre Desarrollo de Pensamiento ser\u00e1n registrados en un formato de actas, en la cual se establecer\u00e1n los acuerdos, conclusiones, planes de trabajo y tareas determinadas, con un l\u00edmite de tiempo y los responsables espec\u00edficos.<\/p>\n<p>5. Las modificaciones a este Acuerdo se efectuar\u00e1n por medio de un documento suscrito entre las instituciones. Dichas modificaciones ser\u00e1n efectivas desde la \u00faltima fecha en que hayan sido acordadas.<\/p>\n<p>6. El presente Acuerdo entrar\u00e1 en vigor desde la firma del mismo por parte de los docentes y\/o investigadores de las instituciones que deseen participar y permanecer\u00e1 vigente por un per\u00edodo de cinco (5) a\u00f1os. El Acuerdo podr\u00e1 ser prorrogado antes de su vencimiento, si las partes as\u00ed lo determinan a trav\u00e9s de documento suscrito por ellas, y en ese caso podr\u00e1n hacerlo por un periodo de cinco (5) a\u00f1os, y as\u00ed sucesivamente deber\u00e1 procederse.<\/p>\n<p>7. Cuando se pretenda concluir el presente Acuerdo, la parte interesada deber\u00e1 notificar por escrito a la otra, con al menos un (1) mes de anticipaci\u00f3n, su voluntad de poner t\u00e9rmino al convenio. El t\u00e9rmino del Acuerdo no afectar\u00e1 las actividades ya Red Latinoamericana de Investigaci\u00f3n sobre Desarrollo de Pensamiento REDLIDEP. Aprobadas bajo este acuerdo y que se encuentren en ejecuci\u00f3n al momento del t\u00e9rmino. Los trabajos o proyectos conjuntos que estuvieran en ejecuci\u00f3n a la fecha de t\u00e9rmino se realizar\u00e1n en la forma pactada hasta su total conclusi\u00f3n.<\/p>\n<p>8. En relaci\u00f3n a la interpretaci\u00f3n y aplicaci\u00f3n de este Acuerdo, las partes procurar\u00e1n resolver de com\u00fan acuerdo, de buena fe y poniendo en ello sus mejores esfuerzos.<\/p><\/div>\n\t\t\t<\/div>\n\t\t\t<\/div>\n\t\t\t\t\n\t\t\t\t\n\t\t\t\t\n\t\t\t\t\n\t\t\t<\/div>\n\t\t\t\t\n\t\t\t\t\n\t\t\t<\/div><\/p>\n","protected":false},"excerpt":{"rendered":"","protected":false},"author":1,"featured_media":0,"parent":0,"menu_order":0,"comment_status":"closed","ping_status":"closed","template":"","meta":{"_et_pb_use_builder":"on","_et_pb_old_content":"","_et_gb_content_width":"","footnotes":""},"class_list":["post-68","page","type-page","status-publish","hentry"],"_links":{"self":[{"href":"https:\/\/www.redlidep.uda.cl\/index.php\/wp-json\/wp\/v2\/pages\/68","targetHints":{"allow":["GET"]}}],"collection":[{"href":"https:\/\/www.redlidep.uda.cl\/index.php\/wp-json\/wp\/v2\/pages"}],"about":[{"href":"https:\/\/www.redlidep.uda.cl\/index.php\/wp-json\/wp\/v2\/types\/page"}],"author":[{"embeddable":true,"href":"https:\/\/www.redlidep.uda.cl\/index.php\/wp-json\/wp\/v2\/users\/1"}],"replies":[{"embeddable":true,"href":"https:\/\/www.redlidep.uda.cl\/index.php\/wp-json\/wp\/v2\/comments?post=68"}],"version-history":[{"count":9,"href":"https:\/\/www.redlidep.uda.cl\/index.php\/wp-json\/wp\/v2\/pages\/68\/revisions"}],"predecessor-version":[{"id":302,"href":"https:\/\/www.redlidep.uda.cl\/index.php\/wp-json\/wp\/v2\/pages\/68\/revisions\/302"}],"wp:attachment":[{"href":"https:\/\/www.redlidep.uda.cl\/index.php\/wp-json\/wp\/v2\/media?parent=68"}],"curies":[{"name":"wp","href":"https:\/\/api.w.org\/{rel}","templated":true}]}}