{"id":48,"date":"2022-05-02T02:55:55","date_gmt":"2022-05-02T02:55:55","guid":{"rendered":"http:\/\/10.16.30.28\/www.redlidep.uda.cl\/?page_id=48"},"modified":"2025-11-10T18:13:34","modified_gmt":"2025-11-10T18:13:34","slug":"sociosfundadores","status":"publish","type":"page","link":"https:\/\/www.redlidep.uda.cl\/index.php\/sociosfundadores\/","title":{"rendered":"sociosfundadores"},"content":{"rendered":"<p><div class=\"et_d4_element et_pb_section et_pb_section_0 et_pb_with_background  et_pb_css_mix_blend_mode et_section_regular et_block_section\" >\n\t\t\t\t\n\t\t\t\t\n\t\t\t\t\n\t\t\t\t\n\t\t\t\t\n\t\t\t\t\n\t\t\t\t<div class=\"et_d4_element et_pb_row et_pb_row_0  et_pb_css_mix_blend_mode et_block_row\">\n\t\t\t\t<div class=\"et_d4_element et_pb_column_4_4 et_pb_column et_pb_column_0  et_pb_css_mix_blend_mode et-last-child et_block_column\">\n\t\t\t\t\n\t\t\t\t\n\t\t\t\t\n\t\t\t\t\n\t\t\t\t<div class=\"et_pb_with_border et_pb_module et_d4_element et_pb_text et_pb_text_0  et_pb_text_align_left et_pb_bg_layout_light\">\n\t\t\t\t\n\t\t\t\t\n\t\t\t\t\n\t\t\t\t\n\t\t\t\t<div class=\"et_pb_text_inner\"><h1 style=\"text-align: center;\">Plataforma Estrat\u00e9gica<\/h1><\/div>\n\t\t\t<\/div>\n\t\t\t<\/div>\n\t\t\t\t\n\t\t\t\t\n\t\t\t\t\n\t\t\t\t\n\t\t\t<\/div>\n\t\t\t\t\n\t\t\t\t\n\t\t\t<\/div><div class=\"et_d4_element et_pb_section et_pb_section_1 et_pb_with_background  et_pb_css_mix_blend_mode et_section_regular et_block_section\" >\n\t\t\t\t\n\t\t\t\t\n\t\t\t\t\n\t\t\t\t\n\t\t\t\t\n\t\t\t\t\n\t\t\t\t<div class=\"et_d4_element et_pb_row et_pb_row_1  et_pb_css_mix_blend_mode et_block_row\">\n\t\t\t\t<div class=\"et_d4_element et_pb_column_4_4 et_pb_column et_pb_column_1  et_pb_css_mix_blend_mode et-last-child et_block_column\">\n\t\t\t\t\n\t\t\t\t\n\t\t\t\t\n\t\t\t\t\n\t\t\t\t<div class=\"et_pb_module et_d4_element et_pb_text et_pb_text_1  et_pb_text_align_left et_pb_bg_layout_light\">\n\t\t\t\t\n\t\t\t\t\n\t\t\t\t\n\t\t\t\t\n\t\t\t\t<div class=\"et_pb_text_inner\"><h1 style=\"text-align: center;\">Docentes Universidad de Nari\u00f1o<\/h1><\/div>\n\t\t\t<\/div><div class=\"et_pb_module et_d4_element et_pb_image et_pb_image_0\">\n\t\t\t\t\n\t\t\t\t\n\t\t\t\t\n\t\t\t\t\n\t\t\t\t<span class=\"et_pb_image_wrap \"><img loading=\"lazy\" decoding=\"async\" width=\"300\" height=\"300\" src=\"http:\/\/www.redlidep.uda.cl\/wp-content\/uploads\/2022\/12\/logo-udenar.png\" alt=\"\" title=\"logo udenar\" srcset=\"https:\/\/www.redlidep.uda.cl\/wp-content\/uploads\/2022\/12\/logo-udenar.png 300w, https:\/\/www.redlidep.uda.cl\/wp-content\/uploads\/2022\/12\/logo-udenar-150x150.png 150w\" sizes=\"(max-width: 300px) 100vw, 300px\" class=\"wp-image-332\" \/><\/span>\n\t\t\t<\/div>\n\t\t\t<\/div>\n\t\t\t\t\n\t\t\t\t\n\t\t\t\t\n\t\t\t\t\n\t\t\t<\/div><div class=\"et_d4_element et_pb_row et_pb_row_2  et_pb_css_mix_blend_mode et_block_row\">\n\t\t\t\t<div class=\"et_d4_element et_pb_column_1_2 et_pb_column et_pb_column_2  et_pb_css_mix_blend_mode et_block_column\">\n\t\t\t\t\n\t\t\t\t\n\t\t\t\t\n\t\t\t\t\n\t\t\t\t<div class=\"et_pb_module et_d4_element et_pb_blurb et_pb_blurb_0 et_clickable  et_pb_text_align_left  et_pb_blurb_position_left et_block_module et_pb_bg_layout_light\">\n\t\t\t\t\n\t\t\t\t\n\t\t\t\t\n\t\t\t\t\n\t\t\t\t<div class=\"et_pb_blurb_content\">\n\t\t\t\t\t<div class=\"et_pb_main_blurb_image et_pb_css_mix_blend_mode\"><a href=\"http:\/\/www.redlidep.uda.cl\/index.php\/cvsoniabetancourt\/\"><span class=\"et_pb_image_wrap et_pb_only_image_mode_wrap\"><img loading=\"lazy\" decoding=\"async\" width=\"1800\" height=\"1804\" src=\"http:\/\/www.redlidep.uda.cl\/wp-content\/uploads\/2022\/05\/sonia.jpg\" alt=\"\" srcset=\"https:\/\/www.redlidep.uda.cl\/wp-content\/uploads\/2022\/05\/sonia.jpg 1800w, https:\/\/www.redlidep.uda.cl\/wp-content\/uploads\/2022\/05\/sonia-300x300.jpg 300w, https:\/\/www.redlidep.uda.cl\/wp-content\/uploads\/2022\/05\/sonia-1022x1024.jpg 1022w, https:\/\/www.redlidep.uda.cl\/wp-content\/uploads\/2022\/05\/sonia-150x150.jpg 150w, https:\/\/www.redlidep.uda.cl\/wp-content\/uploads\/2022\/05\/sonia-768x770.jpg 768w, https:\/\/www.redlidep.uda.cl\/wp-content\/uploads\/2022\/05\/sonia-1533x1536.jpg 1533w, https:\/\/www.redlidep.uda.cl\/wp-content\/uploads\/2022\/05\/sonia-1080x1082.jpg 1080w, https:\/\/www.redlidep.uda.cl\/wp-content\/uploads\/2022\/05\/sonia-1280x1283.jpg 1280w, https:\/\/www.redlidep.uda.cl\/wp-content\/uploads\/2022\/05\/sonia-980x982.jpg 980w, https:\/\/www.redlidep.uda.cl\/wp-content\/uploads\/2022\/05\/sonia-480x481.jpg 480w\" sizes=\"(max-width: 1800px) 100vw, 1800px\" class=\"et-waypoint et_pb_animation_top et_pb_animation_top_tablet et_pb_animation_top_phone wp-image-227\" \/><\/span><\/a><\/div>\n\t\t\t\t\t<div class=\"et_pb_blurb_container\">\n\t\t\t\t\t\t<h1 class=\"et_pb_module_header\"><a href=\"http:\/\/www.redlidep.uda.cl\/index.php\/cvsoniabetancourt\/\">Sonia Betancourth<\/a><\/h1>\n\t\t\t\t\t\t<div class=\"et_pb_blurb_description\"><p>Psic\u00f3loga, Universidad del Valle (Colombia)<br \/>Mag\u00edster en Educaci\u00f3n con \u00e9nfasis en Docencia Universitaria, Universidad Pedag\u00f3gica Nacional (Colombia)<br \/>Ph.D. en Psicolog\u00eda Escolar y Desarrollo, Universidad Complutense (Espa\u00f1a)<\/p><\/div>\n\t\t\t\t\t<\/div>\n\t\t\t\t<\/div>\n\t\t\t<\/div>\n\t\t\t<\/div><div class=\"et_d4_element et_pb_column_1_2 et_pb_column et_pb_column_3  et_pb_css_mix_blend_mode et-last-child et_block_column\">\n\t\t\t\t\n\t\t\t\t\n\t\t\t\t\n\t\t\t\t\n\t\t\t\t<div class=\"et_pb_module et_d4_element et_pb_blurb et_pb_blurb_1  et_pb_text_align_left  et_pb_blurb_position_left et_block_module et_pb_bg_layout_light\">\n\t\t\t\t\n\t\t\t\t\n\t\t\t\t\n\t\t\t\t\n\t\t\t\t<div class=\"et_pb_blurb_content\">\n\t\t\t\t\t<div class=\"et_pb_main_blurb_image et_pb_css_mix_blend_mode\"><a href=\"http:\/\/www.redlidep.uda.cl\/index.php\/cvyurannytabares\/\"><span class=\"et_pb_image_wrap et_pb_only_image_mode_wrap\"><img loading=\"lazy\" decoding=\"async\" width=\"768\" height=\"1024\" src=\"http:\/\/www.redlidep.uda.cl\/wp-content\/uploads\/2025\/02\/Foto-Alejandra-Tabares-1.jpg\" alt=\"\" class=\"et-waypoint et_pb_animation_top et_pb_animation_top_tablet et_pb_animation_top_phone wp-image-429\" \/><\/span><\/a><\/div>\n\t\t\t\t\t<div class=\"et_pb_blurb_container\">\n\t\t\t\t\t\t<h1 class=\"et_pb_module_header\"><a href=\"http:\/\/www.redlidep.uda.cl\/index.php\/cvyurannytabares\/\">Alejandra Tabares<\/a><\/h1>\n\t\t\t\t\t\t<div class=\"et_pb_blurb_description\"><p><span>Psic\u00f3loga, Mag\u00edster en Promoci\u00f3n y Prevenci\u00f3n en Salud Mental de la Universidad de Nari\u00f1o (Colombia).<\/span><\/p><\/div>\n\t\t\t\t\t<\/div>\n\t\t\t\t<\/div>\n\t\t\t<\/div>\n\t\t\t<\/div>\n\t\t\t\t\n\t\t\t\t\n\t\t\t\t\n\t\t\t\t\n\t\t\t<\/div><div class=\"et_d4_element et_pb_row et_pb_row_3  et_pb_css_mix_blend_mode et_block_row\">\n\t\t\t\t<div class=\"et_d4_element et_pb_column_4_4 et_pb_column et_pb_column_4  et_pb_css_mix_blend_mode et-last-child et_block_column\">\n\t\t\t\t\n\t\t\t\t\n\t\t\t\t\n\t\t\t\t\n\t\t\t\t<div class=\"et_pb_module et_d4_element et_pb_divider et_pb_divider_0 et_pb_space\"><div class=\"et_pb_divider_internal\"><\/div><\/div>\n\t\t\t<\/div>\n\t\t\t\t\n\t\t\t\t\n\t\t\t\t\n\t\t\t\t\n\t\t\t<\/div><div class=\"et_d4_element et_pb_row et_pb_row_4  et_pb_css_mix_blend_mode et_block_row\">\n\t\t\t\t<div class=\"et_d4_element et_pb_column_4_4 et_pb_column et_pb_column_5  et_pb_css_mix_blend_mode et-last-child et_block_column\">\n\t\t\t\t\n\t\t\t\t\n\t\t\t\t\n\t\t\t\t\n\t\t\t\t<div class=\"et_pb_module et_d4_element et_pb_text et_pb_text_2  et_pb_text_align_left et_pb_bg_layout_light\">\n\t\t\t\t\n\t\t\t\t\n\t\t\t\t\n\t\t\t\t\n\t\t\t\t<div class=\"et_pb_text_inner\"><h1 style=\"text-align: center;\">Docentes Universidad de Atacama<\/h1><\/div>\n\t\t\t<\/div><div class=\"et_pb_module et_d4_element et_pb_image et_pb_image_1\">\n\t\t\t\t\n\t\t\t\t\n\t\t\t\t\n\t\t\t\t\n\t\t\t\t<span class=\"et_pb_image_wrap \"><img loading=\"lazy\" decoding=\"async\" width=\"784\" height=\"292\" src=\"http:\/\/www.redlidep.uda.cl\/wp-content\/uploads\/2022\/05\/1200px-Corp-universidadatacama.png\" alt=\"\" title=\"1200px-Corp-universidadatacama\" srcset=\"https:\/\/www.redlidep.uda.cl\/wp-content\/uploads\/2022\/05\/1200px-Corp-universidadatacama.png 784w, https:\/\/www.redlidep.uda.cl\/wp-content\/uploads\/2022\/05\/1200px-Corp-universidadatacama-300x112.png 300w, https:\/\/www.redlidep.uda.cl\/wp-content\/uploads\/2022\/05\/1200px-Corp-universidadatacama-768x286.png 768w, https:\/\/www.redlidep.uda.cl\/wp-content\/uploads\/2022\/05\/1200px-Corp-universidadatacama-480x179.png 480w\" sizes=\"(max-width: 784px) 100vw, 784px\" class=\"wp-image-136\" \/><\/span>\n\t\t\t<\/div>\n\t\t\t<\/div>\n\t\t\t\t\n\t\t\t\t\n\t\t\t\t\n\t\t\t\t\n\t\t\t<\/div><div class=\"et_d4_element et_pb_row et_pb_row_5  et_pb_css_mix_blend_mode et_block_row\">\n\t\t\t\t<div class=\"et_d4_element et_pb_column_1_2 et_pb_column et_pb_column_6  et_pb_css_mix_blend_mode et_block_column\">\n\t\t\t\t\n\t\t\t\t\n\t\t\t\t\n\t\t\t\t\n\t\t\t\t<div class=\"et_pb_module et_d4_element et_pb_blurb et_pb_blurb_2 et_clickable  et_pb_text_align_left  et_pb_blurb_position_left et_block_module et_pb_bg_layout_light\">\n\t\t\t\t\n\t\t\t\t\n\t\t\t\t\n\t\t\t\t\n\t\t\t\t<div class=\"et_pb_blurb_content\">\n\t\t\t\t\t<div class=\"et_pb_main_blurb_image et_pb_css_mix_blend_mode\"><a href=\"http:\/\/10.16.30.28\/www.redlidep.uda.cl\/index.php\/cvanacastillo\/\"><span class=\"et_pb_image_wrap et_pb_only_image_mode_wrap\"><img loading=\"lazy\" decoding=\"async\" width=\"2560\" height=\"2499\" src=\"http:\/\/www.redlidep.uda.cl\/wp-content\/uploads\/2022\/05\/anacastillocv-scaled.jpg\" alt=\"\" srcset=\"https:\/\/www.redlidep.uda.cl\/wp-content\/uploads\/2022\/05\/anacastillocv-scaled.jpg 2560w, https:\/\/www.redlidep.uda.cl\/wp-content\/uploads\/2022\/05\/anacastillocv-300x293.jpg 300w, https:\/\/www.redlidep.uda.cl\/wp-content\/uploads\/2022\/05\/anacastillocv-1024x1000.jpg 1024w, https:\/\/www.redlidep.uda.cl\/wp-content\/uploads\/2022\/05\/anacastillocv-768x750.jpg 768w, https:\/\/www.redlidep.uda.cl\/wp-content\/uploads\/2022\/05\/anacastillocv-1536x1499.jpg 1536w, https:\/\/www.redlidep.uda.cl\/wp-content\/uploads\/2022\/05\/anacastillocv-2048x1999.jpg 2048w, https:\/\/www.redlidep.uda.cl\/wp-content\/uploads\/2022\/05\/anacastillocv-1080x1054.jpg 1080w, https:\/\/www.redlidep.uda.cl\/wp-content\/uploads\/2022\/05\/anacastillocv-1280x1250.jpg 1280w, https:\/\/www.redlidep.uda.cl\/wp-content\/uploads\/2022\/05\/anacastillocv-980x957.jpg 980w, https:\/\/www.redlidep.uda.cl\/wp-content\/uploads\/2022\/05\/anacastillocv-480x469.jpg 480w\" sizes=\"(max-width: 2560px) 100vw, 2560px\" class=\"et-waypoint et_pb_animation_top et_pb_animation_top_tablet et_pb_animation_top_phone wp-image-232\" \/><\/span><\/a><\/div>\n\t\t\t\t\t<div class=\"et_pb_blurb_container\">\n\t\t\t\t\t\t<h1 class=\"et_pb_module_header\"><a href=\"http:\/\/10.16.30.28\/www.redlidep.uda.cl\/index.php\/cvanacastillo\/\">Ana Castillo Leyton<\/a><\/h1>\n\t\t\t\t\t\t<div class=\"et_pb_blurb_description\"><p><span>Asistente social-INACAP (Chile). Trabajadora social y Licenciada en Trabajo Social-Universidad Finis Terrae (Chile). Magister en Educaci\u00f3n-Universidad La Rep\u00fablica (Chile).\u00a0<\/span><\/p><\/div>\n\t\t\t\t\t<\/div>\n\t\t\t\t<\/div>\n\t\t\t<\/div>\n\t\t\t<\/div><div class=\"et_d4_element et_pb_column_1_2 et_pb_column et_pb_column_7  et_pb_css_mix_blend_mode et-last-child et_block_column\">\n\t\t\t\t\n\t\t\t\t\n\t\t\t\t\n\t\t\t\t\n\t\t\t\t<div class=\"et_pb_module et_d4_element et_pb_blurb et_pb_blurb_3 et_clickable  et_pb_text_align_left  et_pb_blurb_position_left et_block_module et_pb_bg_layout_light\">\n\t\t\t\t\n\t\t\t\t\n\t\t\t\t\n\t\t\t\t\n\t\t\t\t<div class=\"et_pb_blurb_content\">\n\t\t\t\t\t<div class=\"et_pb_main_blurb_image et_pb_css_mix_blend_mode\"><a href=\"http:\/\/www.redlidep.uda.cl\/index.php\/cvmaritzacarvajal\/\"><span class=\"et_pb_image_wrap et_pb_only_image_mode_wrap\"><img loading=\"lazy\" decoding=\"async\" width=\"1990\" height=\"1990\" src=\"http:\/\/www.redlidep.uda.cl\/wp-content\/uploads\/2022\/05\/MARITZA-CARVAJAL-scaled-e1653531834199.jpg\" alt=\"\" srcset=\"https:\/\/www.redlidep.uda.cl\/wp-content\/uploads\/2022\/05\/MARITZA-CARVAJAL-scaled-e1653531834199.jpg 1990w, https:\/\/www.redlidep.uda.cl\/wp-content\/uploads\/2022\/05\/MARITZA-CARVAJAL-scaled-e1653531834199-300x300.jpg 300w, https:\/\/www.redlidep.uda.cl\/wp-content\/uploads\/2022\/05\/MARITZA-CARVAJAL-scaled-e1653531834199-1024x1024.jpg 1024w, https:\/\/www.redlidep.uda.cl\/wp-content\/uploads\/2022\/05\/MARITZA-CARVAJAL-scaled-e1653531834199-150x150.jpg 150w, https:\/\/www.redlidep.uda.cl\/wp-content\/uploads\/2022\/05\/MARITZA-CARVAJAL-scaled-e1653531834199-768x768.jpg 768w, https:\/\/www.redlidep.uda.cl\/wp-content\/uploads\/2022\/05\/MARITZA-CARVAJAL-scaled-e1653531834199-1536x1536.jpg 1536w, https:\/\/www.redlidep.uda.cl\/wp-content\/uploads\/2022\/05\/MARITZA-CARVAJAL-scaled-e1653531834199-1080x1080.jpg 1080w\" sizes=\"(max-width: 1990px) 100vw, 1990px\" class=\"et-waypoint et_pb_animation_top et_pb_animation_top_tablet et_pb_animation_top_phone wp-image-235\" \/><\/span><\/a><\/div>\n\t\t\t\t\t<div class=\"et_pb_blurb_container\">\n\t\t\t\t\t\t<h1 class=\"et_pb_module_header\"><a href=\"http:\/\/www.redlidep.uda.cl\/index.php\/cvmaritzacarvajal\/\">Maritza Carvajal \u00c1lvarez<\/a><\/h1>\n\t\t\t\t\t\t<div class=\"et_pb_blurb_description\"><p>Asistente Social, INACAP<br \/>Trabajadora Social, en la Universidad Fin\u00eds Terrae<br \/>Licenciatura en Trabajo Social, en la Universidad Fin\u00eds Terrae<\/p><\/div>\n\t\t\t\t\t<\/div>\n\t\t\t\t<\/div>\n\t\t\t<\/div>\n\t\t\t<\/div>\n\t\t\t\t\n\t\t\t\t\n\t\t\t\t\n\t\t\t\t\n\t\t\t<\/div><div class=\"et_d4_element et_pb_row et_pb_row_6  et_pb_css_mix_blend_mode et_block_row\">\n\t\t\t\t<div class=\"et_d4_element et_pb_column_1_2 et_pb_column et_pb_column_8  et_pb_css_mix_blend_mode et_block_column\">\n\t\t\t\t\n\t\t\t\t\n\t\t\t\t\n\t\t\t\t\n\t\t\t\t<div class=\"et_pb_module et_d4_element et_pb_blurb et_pb_blurb_4  et_pb_text_align_left  et_pb_blurb_position_left et_block_module et_pb_bg_layout_light\">\n\t\t\t\t\n\t\t\t\t\n\t\t\t\t\n\t\t\t\t\n\t\t\t\t<div class=\"et_pb_blurb_content\">\n\t\t\t\t\t<div class=\"et_pb_main_blurb_image et_pb_css_mix_blend_mode\"><a href=\"http:\/\/www.redlidep.uda.cl\/index.php\/cvdanielaguzman\/\"><span class=\"et_pb_image_wrap et_pb_only_image_mode_wrap\"><img loading=\"lazy\" decoding=\"async\" width=\"413\" height=\"426\" src=\"http:\/\/www.redlidep.uda.cl\/wp-content\/uploads\/2022\/05\/dguzman-e1653499659727.png\" alt=\"\" srcset=\"https:\/\/www.redlidep.uda.cl\/wp-content\/uploads\/2022\/05\/dguzman-e1653499659727.png 413w, https:\/\/www.redlidep.uda.cl\/wp-content\/uploads\/2022\/05\/dguzman-e1653499659727-291x300.png 291w\" sizes=\"(max-width: 413px) 100vw, 413px\" class=\"et-waypoint et_pb_animation_top et_pb_animation_top_tablet et_pb_animation_top_phone wp-image-195\" \/><\/span><\/a><\/div>\n\t\t\t\t\t<div class=\"et_pb_blurb_container\">\n\t\t\t\t\t\t<h1 class=\"et_pb_module_header\"><a href=\"http:\/\/www.redlidep.uda.cl\/index.php\/cvdanielaguzman\/\">Daniela Guzm\u00e1n Sanhueza<\/a><\/h1>\n\t\t\t\t\t\t<div class=\"et_pb_blurb_description\"><p>Asistente Social, Magister en Trabajo Social y Pol\u00edticas Sociales de la Universidad de Concepci\u00f3n (Chile), M\u00e1ster en Estudios Latinoamericanos del Instituto Iberoamericano (Espa\u00f1a), Doctora en Estudios Interdisciplinares de G\u00e9nero y Pol\u00edticas de Igualdad de la Universidad de Salamanca (Espa\u00f1a).<\/p><\/div>\n\t\t\t\t\t<\/div>\n\t\t\t\t<\/div>\n\t\t\t<\/div>\n\t\t\t<\/div><div class=\"et_d4_element et_pb_column_1_2 et_pb_column et_pb_column_9  et_pb_css_mix_blend_mode et-last-child et_block_column\">\n\t\t\t\t\n\t\t\t\t\n\t\t\t\t\n\t\t\t\t\n\t\t\t\t<div class=\"et_pb_module et_d4_element et_pb_blurb et_pb_blurb_5 et_clickable  et_pb_text_align_left  et_pb_blurb_position_left et_block_module et_pb_bg_layout_light\">\n\t\t\t\t\n\t\t\t\t\n\t\t\t\t\n\t\t\t\t\n\t\t\t\t<div class=\"et_pb_blurb_content\">\n\t\t\t\t\t<div class=\"et_pb_main_blurb_image et_pb_css_mix_blend_mode\"><a href=\"http:\/\/www.redlidep.uda.cl\/index.php\/cvalfredogarcia\/\"><span class=\"et_pb_image_wrap et_pb_only_image_mode_wrap\"><img loading=\"lazy\" decoding=\"async\" width=\"349\" height=\"349\" src=\"http:\/\/www.redlidep.uda.cl\/wp-content\/uploads\/2022\/05\/agarcia-e1653500013307.jpg\" alt=\"\" srcset=\"https:\/\/www.redlidep.uda.cl\/wp-content\/uploads\/2022\/05\/agarcia-e1653500013307.jpg 349w, https:\/\/www.redlidep.uda.cl\/wp-content\/uploads\/2022\/05\/agarcia-e1653500013307-300x300.jpg 300w, https:\/\/www.redlidep.uda.cl\/wp-content\/uploads\/2022\/05\/agarcia-e1653500013307-150x150.jpg 150w\" sizes=\"(max-width: 349px) 100vw, 349px\" class=\"et-waypoint et_pb_animation_top et_pb_animation_top_tablet et_pb_animation_top_phone wp-image-197\" \/><\/span><\/a><\/div>\n\t\t\t\t\t<div class=\"et_pb_blurb_container\">\n\t\t\t\t\t\t<h1 class=\"et_pb_module_header\"><a href=\"http:\/\/www.redlidep.uda.cl\/index.php\/cvalfredogarcia\/\">Alfredo Garc\u00eda Carmona<\/a><\/h1>\n\t\t\t\t\t\t<div class=\"et_pb_blurb_description\"><p><span style=\"font-weight: 400;\">Soci\u00f3logo de la Universidad de Concepci\u00f3n, Magister en Antropolog\u00eda y Desarrollo de la Universidad de Chile, Doctor\u00a9 en Ciencias Sociales, Facultad Latinoamericana de Ciencias Sociales, FLACSO. Argentina. <\/span><\/p><\/div>\n\t\t\t\t\t<\/div>\n\t\t\t\t<\/div>\n\t\t\t<\/div>\n\t\t\t<\/div>\n\t\t\t\t\n\t\t\t\t\n\t\t\t\t\n\t\t\t\t\n\t\t\t<\/div><div class=\"et_d4_element et_pb_row et_pb_row_7  et_pb_css_mix_blend_mode et_block_row\">\n\t\t\t\t<div class=\"et_d4_element et_pb_column_1_2 et_pb_column et_pb_column_10  et_pb_css_mix_blend_mode et_block_column\">\n\t\t\t\t\n\t\t\t\t\n\t\t\t\t\n\t\t\t\t\n\t\t\t\t<div class=\"et_pb_module et_d4_element et_pb_blurb et_pb_blurb_6  et_pb_text_align_left  et_pb_blurb_position_left et_block_module et_pb_bg_layout_light\">\n\t\t\t\t\n\t\t\t\t\n\t\t\t\t\n\t\t\t\t\n\t\t\t\t<div class=\"et_pb_blurb_content\">\n\t\t\t\t\t<div class=\"et_pb_main_blurb_image et_pb_css_mix_blend_mode\"><span class=\"et_pb_image_wrap et_pb_only_image_mode_wrap\"><img loading=\"lazy\" decoding=\"async\" width=\"139\" height=\"139\" src=\"http:\/\/www.redlidep.uda.cl\/wp-content\/uploads\/2022\/05\/FRANCISCO-BERRIOS-e1653531736667.png\" alt=\"\" class=\"et-waypoint et_pb_animation_top et_pb_animation_top_tablet et_pb_animation_top_phone wp-image-238\" \/><\/span><\/div>\n\t\t\t\t\t<div class=\"et_pb_blurb_container\">\n\t\t\t\t\t\t<h1 class=\"et_pb_module_header\"><span>Francisco Berrios Drollet<\/span><\/h1>\n\t\t\t\t\t\t<div class=\"et_pb_blurb_description\"><p><span>Pedagogo en Historia y Ciencias Sociales<\/span><\/p><\/div>\n\t\t\t\t\t<\/div>\n\t\t\t\t<\/div>\n\t\t\t<\/div>\n\t\t\t<\/div><div class=\"et_d4_element et_pb_column_1_2 et_pb_column et_pb_column_11  et_pb_css_mix_blend_mode et-last-child et_block_column\">\n\t\t\t\t\n\t\t\t\t\n\t\t\t\t\n\t\t\t\t\n\t\t\t\t<div class=\"et_pb_module et_d4_element et_pb_blurb et_pb_blurb_7  et_pb_text_align_left  et_pb_blurb_position_left et_block_module et_pb_bg_layout_light\">\n\t\t\t\t\n\t\t\t\t\n\t\t\t\t\n\t\t\t\t\n\t\t\t\t<div class=\"et_pb_blurb_content\">\n\t\t\t\t\t<div class=\"et_pb_main_blurb_image et_pb_css_mix_blend_mode\"><span class=\"et_pb_image_wrap et_pb_only_image_mode_wrap\"><img loading=\"lazy\" decoding=\"async\" width=\"1353\" height=\"1353\" src=\"http:\/\/www.redlidep.uda.cl\/wp-content\/uploads\/2022\/05\/NANCY-MAC-CANN-e1653531513748.jpg\" alt=\"\" srcset=\"https:\/\/www.redlidep.uda.cl\/wp-content\/uploads\/2022\/05\/NANCY-MAC-CANN-e1653531513748.jpg 1353w, https:\/\/www.redlidep.uda.cl\/wp-content\/uploads\/2022\/05\/NANCY-MAC-CANN-e1653531513748-300x300.jpg 300w, https:\/\/www.redlidep.uda.cl\/wp-content\/uploads\/2022\/05\/NANCY-MAC-CANN-e1653531513748-1024x1024.jpg 1024w, https:\/\/www.redlidep.uda.cl\/wp-content\/uploads\/2022\/05\/NANCY-MAC-CANN-e1653531513748-150x150.jpg 150w, https:\/\/www.redlidep.uda.cl\/wp-content\/uploads\/2022\/05\/NANCY-MAC-CANN-e1653531513748-768x768.jpg 768w, https:\/\/www.redlidep.uda.cl\/wp-content\/uploads\/2022\/05\/NANCY-MAC-CANN-e1653531513748-1080x1080.jpg 1080w\" sizes=\"(max-width: 1353px) 100vw, 1353px\" class=\"et-waypoint et_pb_animation_top et_pb_animation_top_tablet et_pb_animation_top_phone wp-image-236\" \/><\/span><\/div>\n\t\t\t\t\t<div class=\"et_pb_blurb_container\">\n\t\t\t\t\t\t<h1 class=\"et_pb_module_header\"><span>Nancy MacCann<\/span><\/h1>\n\t\t\t\t\t\t<div class=\"et_pb_blurb_description\"><p><span>Psic\u00f3loga, Licenciada en Psicolog\u00eda. (Universidad de Tarapac\u00e1, Chile)<\/span><br \/><span>Mag\u00edster en Psicolog\u00eda, menci\u00f3n social (Universidad de La Serena, Chile)<\/span><br \/><span>Doctoranda en Formaci\u00f3n de la Sociedad del Conocimiento (Universidad de Salamanca, Espa\u00f1a)<\/span><\/p><\/div>\n\t\t\t\t\t<\/div>\n\t\t\t\t<\/div>\n\t\t\t<\/div>\n\t\t\t<\/div>\n\t\t\t\t\n\t\t\t\t\n\t\t\t\t\n\t\t\t\t\n\t\t\t<\/div><div class=\"et_d4_element et_pb_row et_pb_row_8  et_pb_css_mix_blend_mode et_block_row\">\n\t\t\t\t<div class=\"et_d4_element et_pb_column_1_2 et_pb_column et_pb_column_12  et_pb_css_mix_blend_mode et_block_column\">\n\t\t\t\t\n\t\t\t\t\n\t\t\t\t\n\t\t\t\t\n\t\t\t\t<div class=\"et_pb_module et_d4_element et_pb_blurb et_pb_blurb_8  et_pb_text_align_left  et_pb_blurb_position_left et_block_module et_pb_bg_layout_light\">\n\t\t\t\t\n\t\t\t\t\n\t\t\t\t\n\t\t\t\t\n\t\t\t\t<div class=\"et_pb_blurb_content\">\n\t\t\t\t\t<div class=\"et_pb_main_blurb_image et_pb_css_mix_blend_mode\"><span class=\"et_pb_image_wrap et_pb_only_image_mode_wrap\"><img loading=\"lazy\" decoding=\"async\" width=\"260\" height=\"260\" src=\"http:\/\/www.redlidep.uda.cl\/wp-content\/uploads\/2022\/05\/TAELI-GOMEZ-F-e1653531628340.jpg\" alt=\"\" srcset=\"https:\/\/www.redlidep.uda.cl\/wp-content\/uploads\/2022\/05\/TAELI-GOMEZ-F-e1653531628340.jpg 260w, https:\/\/www.redlidep.uda.cl\/wp-content\/uploads\/2022\/05\/TAELI-GOMEZ-F-e1653531628340-150x150.jpg 150w\" sizes=\"(max-width: 260px) 100vw, 260px\" class=\"et-waypoint et_pb_animation_top et_pb_animation_top_tablet et_pb_animation_top_phone wp-image-239\" \/><\/span><\/div>\n\t\t\t\t\t<div class=\"et_pb_blurb_container\">\n\t\t\t\t\t\t<h1 class=\"et_pb_module_header\"><span>Taeli G\u00f3mez Francisco<\/span><\/h1>\n\t\t\t\t\t\t<div class=\"et_pb_blurb_description\"><p><span>Licenciada en Ciencias Jur\u00eddicas, Universidad Nacional Andr\u00e9s Bello<\/span><br \/><span>Doctora en Ciencias Filos\u00f3ficas de la Universidad de la Habana Cuba, Grado Reconocido por al Univerisdad de Chile<\/span><span><\/span><\/p><\/div>\n\t\t\t\t\t<\/div>\n\t\t\t\t<\/div>\n\t\t\t<\/div>\n\t\t\t<\/div><div class=\"et_d4_element et_pb_column_1_2 et_pb_column et_pb_column_13  et_pb_css_mix_blend_mode et-last-child et_block_column et_pb_column_empty\">\n\t\t\t\t\n\t\t\t\t\n\t\t\t\t\n\t\t\t\t\n\t\t\t\t\n\t\t\t<\/div>\n\t\t\t\t\n\t\t\t\t\n\t\t\t\t\n\t\t\t\t\n\t\t\t<\/div>\n\t\t\t\t\n\t\t\t\t\n\t\t\t<\/div><\/p>\n","protected":false},"excerpt":{"rendered":"","protected":false},"author":1,"featured_media":0,"parent":0,"menu_order":0,"comment_status":"closed","ping_status":"closed","template":"","meta":{"_et_pb_use_builder":"on","_et_pb_old_content":"","_et_gb_content_width":"","footnotes":""},"class_list":["post-48","page","type-page","status-publish","hentry"],"_links":{"self":[{"href":"https:\/\/www.redlidep.uda.cl\/index.php\/wp-json\/wp\/v2\/pages\/48","targetHints":{"allow":["GET"]}}],"collection":[{"href":"https:\/\/www.redlidep.uda.cl\/index.php\/wp-json\/wp\/v2\/pages"}],"about":[{"href":"https:\/\/www.redlidep.uda.cl\/index.php\/wp-json\/wp\/v2\/types\/page"}],"author":[{"embeddable":true,"href":"https:\/\/www.redlidep.uda.cl\/index.php\/wp-json\/wp\/v2\/users\/1"}],"replies":[{"embeddable":true,"href":"https:\/\/www.redlidep.uda.cl\/index.php\/wp-json\/wp\/v2\/comments?post=48"}],"version-history":[{"count":41,"href":"https:\/\/www.redlidep.uda.cl\/index.php\/wp-json\/wp\/v2\/pages\/48\/revisions"}],"predecessor-version":[{"id":527,"href":"https:\/\/www.redlidep.uda.cl\/index.php\/wp-json\/wp\/v2\/pages\/48\/revisions\/527"}],"wp:attachment":[{"href":"https:\/\/www.redlidep.uda.cl\/index.php\/wp-json\/wp\/v2\/media?parent=48"}],"curies":[{"name":"wp","href":"https:\/\/api.w.org\/{rel}","templated":true}]}}